{"id":2974,"date":"2018-09-21T13:29:08","date_gmt":"2018-09-21T11:29:08","guid":{"rendered":"http:\/\/desarrollo2.globales.es\/polisac\/quem-somos\/"},"modified":"2025-01-23T13:03:38","modified_gmt":"2025-01-23T11:03:38","slug":"quem-somos","status":"publish","type":"page","link":"https:\/\/www.polisac.com\/pt-pt\/quem-somos\/","title":{"rendered":"QUEM SOMOS"},"content":{"rendered":"<p><div class=\"fusion-fullwidth fullwidth-box fusion-builder-row-1 nonhundred-percent-fullwidth non-hundred-percent-height-scrolling\" style=\"background-color: #eeeeee;background-position: center center;background-repeat: no-repeat;padding-top:0px;padding-right:0px;padding-bottom:0px;padding-left:0px;margin-bottom: 0px;margin-top: 0px;border-width: 0px 0px 0px 0px;border-color:#eae9e9;border-style:solid;\" ><div class=\"fusion-builder-row fusion-row\"><div class=\"fusion-layout-column fusion_builder_column fusion-builder-column-0 fusion_builder_column_1_1 1_1 fusion-one-full fusion-column-first fusion-column-last\" style=\"margin-top:15px;margin-bottom:15px;\"><div class=\"fusion-column-wrapper fusion-flex-column-wrapper-legacy\" style=\"background-position:left top;background-repeat:no-repeat;-webkit-background-size:cover;-moz-background-size:cover;-o-background-size:cover;background-size:cover;padding: 0px 0px 0px 0px;\"><div class=\"fusion-video fusion-youtube fusion-aligncenter\" style=\"max-width:1182px;max-height:585px; width:100%\"><div class=\"video-shortcode\"><iframe title=\"YouTube video player\" src=\"https:\/\/www.youtube.com\/embed\/bCTarlUIB-8?wmode=transparent&autoplay=0\" width=\"1182\" height=\"585\" allowfullscreen allow=\"autoplay; fullscreen\"><\/iframe><\/div><\/div><div class=\"fusion-clearfix\"><\/div><\/div><\/div><\/div><\/div><div class=\"fusion-fullwidth fullwidth-box fusion-builder-row-2 fusion-parallax-none nonhundred-percent-fullwidth non-hundred-percent-height-scrolling\" style=\"background-color: #eeeeee;background-image: url(&quot;https:\/\/www.polisac.com\/wp-content\/uploads\/2018\/07\/fondo-aerea.jpg&quot;);background-position: center center;background-repeat: no-repeat;padding-top:45px;padding-right:0px;padding-bottom:45px;padding-left:0px;margin-bottom: 0px;margin-top: 0px;border-width: 0px 0px 0px 0px;border-color:#eae9e9;border-style:solid;-webkit-background-size:cover;-moz-background-size:cover;-o-background-size:cover;background-size:cover;\" ><div class=\"fusion-builder-row fusion-row\"><div class=\"fusion-layout-column fusion_builder_column fusion-builder-column-1 fusion_builder_column_1_1 1_1 fusion-one-full fusion-column-first fusion-column-last\" style=\"margin-top:15px;margin-bottom:15px;\"><div class=\"fusion-column-wrapper fusion-flex-column-wrapper-legacy\" style=\"background-position:left top;background-repeat:no-repeat;-webkit-background-size:cover;-moz-background-size:cover;-o-background-size:cover;background-size:cover;padding: 0px 0px 0px 0px;\"><style type=\"text\/css\"><\/style><div class=\"fusion-title title fusion-title-1 fusion-sep-none fusion-title-text fusion-title-size-one\" style=\"margin-top:15px;margin-bottom:15px;\"><h1 class=\"title-heading-left\" style=\"margin:0;\"><span style=\"color: #333645;\">QUEM SOMOS<\/span><\/h1><\/div><div class=\"fusion-sep-clear\"><\/div><div class=\"fusion-separator fusion-clearfix\" style=\"float:left;margin-top:16px;margin-bottom:0px;width:100%;max-width:24%;\"><div class=\"fusion-separator-border sep-single\" style=\"border-color:#5e6276;border-top-width:2px;\"><\/div><\/div><div class=\"fusion-sep-clear\"><\/div><div class=\"fusion-clearfix\"><\/div><\/div><\/div><div class=\"fusion-layout-column fusion_builder_column fusion-builder-column-2 fusion_builder_column_1_3 1_3 fusion-one-third fusion-column-first fusion-no-small-visibility\" style=\"width:33.333333333333%;width:calc(33.333333333333% - ( ( 4% ) * 0.33333333333333 ) );margin-right: 4%;margin-top:15px;margin-bottom:15px;\"><div class=\"fusion-column-wrapper fusion-flex-column-wrapper-legacy\" style=\"background-position:left top;background-repeat:no-repeat;-webkit-background-size:cover;-moz-background-size:cover;-o-background-size:cover;background-size:cover;padding: 0px 0px 0px 0px;\"><span class=\" fusion-imageframe imageframe-none imageframe-1 hover-type-none\"><img decoding=\"async\" width=\"1024\" image_height=\"684\" image_id=\"2346\" title=\"quienes-fachada\" src=\"https:\/\/www.polisac.com\/wp-content\/uploads\/2018\/07\/quienes-fachada-1024x684.jpg\" class=\"img-responsive wp-image-2346\" srcset=\"https:\/\/www.polisac.com\/wp-content\/uploads\/2018\/07\/quienes-fachada-200x134.jpg 200w, https:\/\/www.polisac.com\/wp-content\/uploads\/2018\/07\/quienes-fachada-400x267.jpg 400w, https:\/\/www.polisac.com\/wp-content\/uploads\/2018\/07\/quienes-fachada-600x401.jpg 600w, https:\/\/www.polisac.com\/wp-content\/uploads\/2018\/07\/quienes-fachada-800x534.jpg 800w, https:\/\/www.polisac.com\/wp-content\/uploads\/2018\/07\/quienes-fachada-1200x801.jpg 1200w, https:\/\/www.polisac.com\/wp-content\/uploads\/2018\/07\/quienes-fachada.jpg 1900w\" sizes=\"(max-width: 1000px) 100vw, 400px\" \/><\/span><div class=\"fusion-sep-clear\"><\/div><div class=\"fusion-separator fusion-full-width-sep\" style=\"margin-left: auto;margin-right: auto;margin-top:10px;margin-bottom:10px;width:100%;\"><\/div><div class=\"fusion-sep-clear\"><\/div><span class=\" fusion-imageframe imageframe-none imageframe-2 hover-type-none\"><img decoding=\"async\" width=\"1024\" image_height=\"684\" image_id=\"2348\" title=\"quienes-aerea\" src=\"https:\/\/www.polisac.com\/wp-content\/uploads\/2018\/07\/quienes-aerea-1024x684.jpg\" class=\"img-responsive wp-image-2348\" srcset=\"https:\/\/www.polisac.com\/wp-content\/uploads\/2018\/07\/quienes-aerea-200x134.jpg 200w, https:\/\/www.polisac.com\/wp-content\/uploads\/2018\/07\/quienes-aerea-400x267.jpg 400w, https:\/\/www.polisac.com\/wp-content\/uploads\/2018\/07\/quienes-aerea-600x401.jpg 600w, https:\/\/www.polisac.com\/wp-content\/uploads\/2018\/07\/quienes-aerea-800x534.jpg 800w, https:\/\/www.polisac.com\/wp-content\/uploads\/2018\/07\/quienes-aerea-1200x801.jpg 1200w, https:\/\/www.polisac.com\/wp-content\/uploads\/2018\/07\/quienes-aerea.jpg 1900w\" sizes=\"(max-width: 1000px) 100vw, 400px\" \/><\/span><div class=\"fusion-clearfix\"><\/div><\/div><\/div><div class=\"fusion-layout-column fusion_builder_column fusion-builder-column-3 fusion_builder_column_2_3 2_3 fusion-two-third fusion-column-last fusion-animated\" style=\"width:66.666666666667%;width:calc(66.666666666667% - ( ( 4% ) * 0.66666666666667 ) );margin-top:15px;margin-bottom:15px;\" data-animationType=\"zoomIn\" data-animationDuration=\"0.9\" data-animationOffset=\"100%\"><div class=\"fusion-column-wrapper fusion-flex-column-wrapper-legacy\" style=\"background-position:left top;background-repeat:no-repeat;-webkit-background-size:cover;-moz-background-size:cover;-o-background-size:cover;background-size:cover;padding: 0px 0px 0px 0px;\"><div class=\"fusion-text fusion-text-1\"><p style=\"text-align: center;\">A MANUFACTURAS POLISAC, S.A., fundada em 1966 por Antonio Navarro, \u00e9 uma empresa pioneira no fabrico de embalagens pl\u00e1sticas.<\/p>\n<\/div><div class=\"fusion-text fusion-text-2\"><p style=\"text-align: center;\">Est\u00e1 situada num terreno de 10 000 m<sup>2<\/sup> no centro geogr\u00e1fico da Pen\u00ednsula Ib\u00e9rica (Segovia), com pavilh\u00f5es e escrit\u00f3rios distribu\u00eddos por uma \u00e1rea coberta de 8000 m<sup>2<\/sup>.<\/p>\n<p style=\"text-align: center;\">A Polisac \u00e9 uma das mais importantes empresas espanholas do setor por volume de toneladas de transforma\u00e7\u00e3o de polietileno para o segmento das embalagens flex\u00edveis.<\/p>\n<p style=\"text-align: center;\">Al\u00e9m disso, somos o principal fabricante nacional e um dos maiores fabricantes europeus de envelopes para transportadoras expresso e de alta seguran\u00e7a no setor banc\u00e1rio, exportando mais de metade da nossa produ\u00e7\u00e3o para diversos pa\u00edses.<\/p>\n<p style=\"text-align: center;\">Dispomos de modelos de utilidade pr\u00f3prios para os setores banc\u00e1rio, de transporte de valores e de envelopes para com\u00e9rcio eletr\u00f3nico, colaborando com as companhias de seguros no desenvolvimento de novos produtos exigidos pelo mercado e pela sua atividade.<\/p>\n<p style=\"text-align: center;\">O que identifica a POLISAC at\u00e9 aos dias de hoje \u00e9 a qualidade total: criar um produto de pl\u00e1stico perfeito e fabricado \u00e0 medida para cada cliente.<\/p>\n<\/div><div class=\"fusion-clearfix\"><\/div><\/div><\/div><\/div><\/div><\/p>\n","protected":false},"excerpt":{"rendered":"","protected":false},"author":1,"featured_media":0,"parent":0,"menu_order":0,"comment_status":"closed","ping_status":"closed","template":"100-width.php","meta":{"footnotes":""},"class_list":["post-2974","page","type-page","status-publish","hentry"],"yoast_head":"<!-- This site is optimized with the Yoast SEO plugin v27.4 - https:\/\/yoast.com\/product\/yoast-seo-wordpress\/ -->\n<title>QUEM SOMOS - Manufacturas Polisac<\/title>\n<meta name=\"robots\" content=\"index, follow, max-snippet:-1, max-image-preview:large, max-video-preview:-1\" \/>\n<link rel=\"canonical\" href=\"https:\/\/www.polisac.com\/pt-pt\/quem-somos\/\" \/>\n<meta property=\"og:locale\" content=\"pt_PT\" \/>\n<meta property=\"og:type\" content=\"article\" \/>\n<meta property=\"og:title\" content=\"QUEM SOMOS - Manufacturas Polisac\" \/>\n<meta property=\"og:url\" content=\"https:\/\/www.polisac.com\/pt-pt\/quem-somos\/\" \/>\n<meta property=\"og:site_name\" content=\"Manufacturas Polisac\" \/>\n<meta property=\"article:modified_time\" content=\"2025-01-23T11:03:38+00:00\" \/>\n<meta name=\"twitter:card\" content=\"summary_large_image\" \/>\n<meta name=\"twitter:label1\" content=\"Tempo estimado de leitura\" \/>\n\t<meta name=\"twitter:data1\" content=\"3 minutos\" \/>\n<script type=\"application\/ld+json\" class=\"yoast-schema-graph\">{\"@context\":\"https:\\\/\\\/schema.org\",\"@graph\":[{\"@type\":\"WebPage\",\"@id\":\"https:\\\/\\\/www.polisac.com\\\/pt-pt\\\/quem-somos\\\/\",\"url\":\"https:\\\/\\\/www.polisac.com\\\/pt-pt\\\/quem-somos\\\/\",\"name\":\"QUEM SOMOS - Manufacturas Polisac\",\"isPartOf\":{\"@id\":\"https:\\\/\\\/www.polisac.com\\\/#website\"},\"datePublished\":\"2018-09-21T11:29:08+00:00\",\"dateModified\":\"2025-01-23T11:03:38+00:00\",\"breadcrumb\":{\"@id\":\"https:\\\/\\\/www.polisac.com\\\/pt-pt\\\/quem-somos\\\/#breadcrumb\"},\"inLanguage\":\"pt-PT\",\"potentialAction\":[{\"@type\":\"ReadAction\",\"target\":[\"https:\\\/\\\/www.polisac.com\\\/pt-pt\\\/quem-somos\\\/\"]}]},{\"@type\":\"BreadcrumbList\",\"@id\":\"https:\\\/\\\/www.polisac.com\\\/pt-pt\\\/quem-somos\\\/#breadcrumb\",\"itemListElement\":[{\"@type\":\"ListItem\",\"position\":1,\"name\":\"Home\",\"item\":\"https:\\\/\\\/www.polisac.com\\\/pt-pt\\\/\"},{\"@type\":\"ListItem\",\"position\":2,\"name\":\"QUEM SOMOS\"}]},{\"@type\":\"WebSite\",\"@id\":\"https:\\\/\\\/www.polisac.com\\\/#website\",\"url\":\"https:\\\/\\\/www.polisac.com\\\/\",\"name\":\"Manufacturas Polisac\",\"description\":\"\",\"publisher\":{\"@id\":\"https:\\\/\\\/www.polisac.com\\\/#organization\"},\"potentialAction\":[{\"@type\":\"SearchAction\",\"target\":{\"@type\":\"EntryPoint\",\"urlTemplate\":\"https:\\\/\\\/www.polisac.com\\\/?s={search_term_string}\"},\"query-input\":{\"@type\":\"PropertyValueSpecification\",\"valueRequired\":true,\"valueName\":\"search_term_string\"}}],\"inLanguage\":\"pt-PT\"},{\"@type\":\"Organization\",\"@id\":\"https:\\\/\\\/www.polisac.com\\\/#organization\",\"name\":\"Polisac\",\"url\":\"https:\\\/\\\/www.polisac.com\\\/\",\"logo\":{\"@type\":\"ImageObject\",\"inLanguage\":\"pt-PT\",\"@id\":\"https:\\\/\\\/www.polisac.com\\\/#\\\/schema\\\/logo\\\/image\\\/\",\"url\":\"https:\\\/\\\/www.polisac.com\\\/wp-content\\\/uploads\\\/2018\\\/07\\\/cover_presentacion.jpg\",\"contentUrl\":\"https:\\\/\\\/www.polisac.com\\\/wp-content\\\/uploads\\\/2018\\\/07\\\/cover_presentacion.jpg\",\"width\":1260,\"height\":780,\"caption\":\"Polisac\"},\"image\":{\"@id\":\"https:\\\/\\\/www.polisac.com\\\/#\\\/schema\\\/logo\\\/image\\\/\"}}]}<\/script>\n<!-- \/ Yoast SEO plugin. -->","yoast_head_json":{"title":"QUEM SOMOS - Manufacturas Polisac","robots":{"index":"index","follow":"follow","max-snippet":"max-snippet:-1","max-image-preview":"max-image-preview:large","max-video-preview":"max-video-preview:-1"},"canonical":"https:\/\/www.polisac.com\/pt-pt\/quem-somos\/","og_locale":"pt_PT","og_type":"article","og_title":"QUEM SOMOS - Manufacturas Polisac","og_url":"https:\/\/www.polisac.com\/pt-pt\/quem-somos\/","og_site_name":"Manufacturas Polisac","article_modified_time":"2025-01-23T11:03:38+00:00","twitter_card":"summary_large_image","twitter_misc":{"Tempo estimado de leitura":"3 minutos"},"schema":{"@context":"https:\/\/schema.org","@graph":[{"@type":"WebPage","@id":"https:\/\/www.polisac.com\/pt-pt\/quem-somos\/","url":"https:\/\/www.polisac.com\/pt-pt\/quem-somos\/","name":"QUEM SOMOS - Manufacturas Polisac","isPartOf":{"@id":"https:\/\/www.polisac.com\/#website"},"datePublished":"2018-09-21T11:29:08+00:00","dateModified":"2025-01-23T11:03:38+00:00","breadcrumb":{"@id":"https:\/\/www.polisac.com\/pt-pt\/quem-somos\/#breadcrumb"},"inLanguage":"pt-PT","potentialAction":[{"@type":"ReadAction","target":["https:\/\/www.polisac.com\/pt-pt\/quem-somos\/"]}]},{"@type":"BreadcrumbList","@id":"https:\/\/www.polisac.com\/pt-pt\/quem-somos\/#breadcrumb","itemListElement":[{"@type":"ListItem","position":1,"name":"Home","item":"https:\/\/www.polisac.com\/pt-pt\/"},{"@type":"ListItem","position":2,"name":"QUEM SOMOS"}]},{"@type":"WebSite","@id":"https:\/\/www.polisac.com\/#website","url":"https:\/\/www.polisac.com\/","name":"Manufacturas Polisac","description":"","publisher":{"@id":"https:\/\/www.polisac.com\/#organization"},"potentialAction":[{"@type":"SearchAction","target":{"@type":"EntryPoint","urlTemplate":"https:\/\/www.polisac.com\/?s={search_term_string}"},"query-input":{"@type":"PropertyValueSpecification","valueRequired":true,"valueName":"search_term_string"}}],"inLanguage":"pt-PT"},{"@type":"Organization","@id":"https:\/\/www.polisac.com\/#organization","name":"Polisac","url":"https:\/\/www.polisac.com\/","logo":{"@type":"ImageObject","inLanguage":"pt-PT","@id":"https:\/\/www.polisac.com\/#\/schema\/logo\/image\/","url":"https:\/\/www.polisac.com\/wp-content\/uploads\/2018\/07\/cover_presentacion.jpg","contentUrl":"https:\/\/www.polisac.com\/wp-content\/uploads\/2018\/07\/cover_presentacion.jpg","width":1260,"height":780,"caption":"Polisac"},"image":{"@id":"https:\/\/www.polisac.com\/#\/schema\/logo\/image\/"}}]}},"_links":{"self":[{"href":"https:\/\/www.polisac.com\/pt-pt\/wp-json\/wp\/v2\/pages\/2974","targetHints":{"allow":["GET"]}}],"collection":[{"href":"https:\/\/www.polisac.com\/pt-pt\/wp-json\/wp\/v2\/pages"}],"about":[{"href":"https:\/\/www.polisac.com\/pt-pt\/wp-json\/wp\/v2\/types\/page"}],"author":[{"embeddable":true,"href":"https:\/\/www.polisac.com\/pt-pt\/wp-json\/wp\/v2\/users\/1"}],"replies":[{"embeddable":true,"href":"https:\/\/www.polisac.com\/pt-pt\/wp-json\/wp\/v2\/comments?post=2974"}],"version-history":[{"count":5,"href":"https:\/\/www.polisac.com\/pt-pt\/wp-json\/wp\/v2\/pages\/2974\/revisions"}],"predecessor-version":[{"id":6060,"href":"https:\/\/www.polisac.com\/pt-pt\/wp-json\/wp\/v2\/pages\/2974\/revisions\/6060"}],"wp:attachment":[{"href":"https:\/\/www.polisac.com\/pt-pt\/wp-json\/wp\/v2\/media?parent=2974"}],"curies":[{"name":"wp","href":"https:\/\/api.w.org\/{rel}","templated":true}]}}