{"id":2880,"date":"2018-09-21T12:21:43","date_gmt":"2018-09-21T10:21:43","guid":{"rendered":"http:\/\/desarrollo2.globales.es\/polisac\/politique-de-cookies\/"},"modified":"2018-09-21T12:21:43","modified_gmt":"2018-09-21T10:21:43","slug":"politique-de-cookies","status":"publish","type":"page","link":"https:\/\/www.polisac.com\/fr\/politique-de-cookies\/","title":{"rendered":"POLITIQUE DE COOKIES"},"content":{"rendered":"<div class=\"fusion-fullwidth fullwidth-box fusion-builder-row-1 nonhundred-percent-fullwidth non-hundred-percent-height-scrolling\" style=\"background-color: #ffffff;background-position: center center;background-repeat: no-repeat;padding-top:0px;padding-right:0px;padding-bottom:0px;padding-left:0px;margin-bottom: 0px;margin-top: 0px;border-width: 0px 0px 0px 0px;border-color:#eae9e9;border-style:solid;\" ><div class=\"fusion-builder-row fusion-row\"><div class=\"fusion-layout-column fusion_builder_column fusion-builder-column-0 fusion_builder_column_1_1 1_1 fusion-one-full fusion-column-first fusion-column-last\" style=\"margin-top:0px;margin-bottom:0px;\"><div class=\"fusion-column-wrapper fusion-flex-column-wrapper-legacy\" style=\"background-position:left top;background-repeat:no-repeat;-webkit-background-size:cover;-moz-background-size:cover;-o-background-size:cover;background-size:cover;padding: 0px 0px 0px 0px;\"><style type=\"text\/css\"><\/style><div class=\"fusion-title title fusion-title-1 sep-underline sep-solid fusion-title-text fusion-title-size-two\" style=\"border-bottom-color:#5e6276;margin-top:15px;margin-bottom:15px;\"><h2 class=\"title-heading-left\" style=\"margin:0;\"><p style=\"text-align: center;\"><span style=\"color: #5e6276;\">POLITIQUE DE COOKIES<\/span><\/p><\/h2><\/div><div class=\"fusion-text fusion-text-1\"><p>Le Site web utilise un analyseur de trafic qui se sert de petits programme d\u00e9nomm\u00e9s et connus sous le nom de \u00ab cookies \u00bb qui nous font conna\u00eetre certaines informations sur l\u2019utilisation de notre Site :<\/p>\n<p>Nous pouvons collecter des informations sur votre ordinateur, y compris, le cas \u00e9ch\u00e9ant, votre adresse IP, syst\u00e8me op\u00e9rationnel et type de navigateur. Il s\u2019agit de donn\u00e9es statistiques sur la fa\u00e7on dont vous naviguez sur notre site web. Les cookies contiennent des informations qui sont transf\u00e9r\u00e9es vers le disque dur de votre ordinateur.<\/p>\n<p>Les cookies nous aident \u00e0 am\u00e9liorer notre site web et \u00e0 fournir un meilleur service et plus personnalis\u00e9. Concr\u00e8tement, ils nous permettent :<\/p>\n<ul>\n<li>De r\u00e9aliser une estimation sur le nombre et les mod\u00e8les d\u2019utilisation.<\/li>\n<li>De stocker des informations quant \u00e0 vos pr\u00e9f\u00e9rences et de personnaliser notre site web en conformit\u00e9 avec vos int\u00e9r\u00eats individuels.<\/li>\n<li>D\u2019acc\u00e9l\u00e9rer vos recherches.<\/li>\n<li>De vous reconna\u00eetre lorsque vous retournez sur le site.<\/li>\n<\/ul>\n<p>L\u2019Utilisateur donne son consentement pr\u00e9alable, sauf indication contraire, \u00e0 l\u2019utilisation de \u00ab\u00a0cookies \u00bb. L\u2019Utilisateur utilise \u00e9galement les suivis de votre IP pendant la navigation sur le site web.<\/p>\n<p>Vous pouvez refuser d\u2019accepter les cookies en param\u00e9trant votre navigateur afin de rejeter les cookies. Cependant, si vous choisissez ce param\u00e9trage, il est possible que vous ne puissiez pas acc\u00e9der \u00e0 certaines parties du site web ou ne puissiez pas profiter de l\u2019un de nos services. \u00c0 moins que vous ayez adapt\u00e9 la configuration de votre navigateur de fa\u00e7on \u00e0 jeter les cookies, notre syst\u00e8me produira des cookies lorsque vous vous connecterez \u00e0 notre site.<\/p>\n<p>Conform\u00e9ment aux directives europ\u00e9ennes de la r\u00e8glementation sur la protection des donn\u00e9es pouvant \u00eatre concern\u00e9es par l\u2019utilisation des cookies, nous vous informons que les diff\u00e9rents navigateurs d\u2019Internet disposent d\u2019outils de param\u00e9trage pour que l\u2019Utilisateur, s\u2019il le d\u00e9sire, puisse d\u00e9sactiver et\/ou \u00e9liminer ces cookies ou bien activer dans votre navigateur le mode de navigation priv\u00e9e.<\/p>\n<\/div><div class=\"fusion-clearfix\"><\/div><\/div><\/div><\/div><\/div>\n","protected":false},"excerpt":{"rendered":"","protected":false},"author":1,"featured_media":0,"parent":0,"menu_order":0,"comment_status":"closed","ping_status":"closed","template":"100-width.php","meta":{"footnotes":""},"class_list":["post-2880","page","type-page","status-publish","hentry"],"yoast_head":"<!-- This site is optimized with the Yoast SEO plugin v27.5 - https:\/\/yoast.com\/product\/yoast-seo-wordpress\/ -->\n<title>POLITIQUE DE COOKIES - Manufacturas Polisac<\/title>\n<meta name=\"robots\" content=\"index, follow, max-snippet:-1, max-image-preview:large, max-video-preview:-1\" \/>\n<link rel=\"canonical\" href=\"https:\/\/www.polisac.com\/fr\/politique-de-cookies\/\" \/>\n<meta property=\"og:locale\" content=\"fr_FR\" \/>\n<meta property=\"og:type\" content=\"article\" \/>\n<meta property=\"og:title\" content=\"POLITIQUE DE COOKIES - Manufacturas Polisac\" \/>\n<meta property=\"og:url\" content=\"https:\/\/www.polisac.com\/fr\/politique-de-cookies\/\" \/>\n<meta property=\"og:site_name\" content=\"Manufacturas Polisac\" \/>\n<meta name=\"twitter:card\" content=\"summary_large_image\" \/>\n<meta name=\"twitter:label1\" content=\"Dur\u00e9e de lecture estim\u00e9e\" \/>\n\t<meta name=\"twitter:data1\" content=\"3 minutes\" \/>\n<script type=\"application\/ld+json\" class=\"yoast-schema-graph\">{\"@context\":\"https:\\\/\\\/schema.org\",\"@graph\":[{\"@type\":\"WebPage\",\"@id\":\"https:\\\/\\\/www.polisac.com\\\/fr\\\/politique-de-cookies\\\/\",\"url\":\"https:\\\/\\\/www.polisac.com\\\/fr\\\/politique-de-cookies\\\/\",\"name\":\"POLITIQUE DE COOKIES - Manufacturas Polisac\",\"isPartOf\":{\"@id\":\"https:\\\/\\\/www.polisac.com\\\/#website\"},\"datePublished\":\"2018-09-21T10:21:43+00:00\",\"breadcrumb\":{\"@id\":\"https:\\\/\\\/www.polisac.com\\\/fr\\\/politique-de-cookies\\\/#breadcrumb\"},\"inLanguage\":\"fr-FR\",\"potentialAction\":[{\"@type\":\"ReadAction\",\"target\":[\"https:\\\/\\\/www.polisac.com\\\/fr\\\/politique-de-cookies\\\/\"]}]},{\"@type\":\"BreadcrumbList\",\"@id\":\"https:\\\/\\\/www.polisac.com\\\/fr\\\/politique-de-cookies\\\/#breadcrumb\",\"itemListElement\":[{\"@type\":\"ListItem\",\"position\":1,\"name\":\"Home\",\"item\":\"https:\\\/\\\/www.polisac.com\\\/fr\\\/\"},{\"@type\":\"ListItem\",\"position\":2,\"name\":\"POLITIQUE DE COOKIES\"}]},{\"@type\":\"WebSite\",\"@id\":\"https:\\\/\\\/www.polisac.com\\\/#website\",\"url\":\"https:\\\/\\\/www.polisac.com\\\/\",\"name\":\"Manufacturas Polisac\",\"description\":\"\",\"publisher\":{\"@id\":\"https:\\\/\\\/www.polisac.com\\\/#organization\"},\"potentialAction\":[{\"@type\":\"SearchAction\",\"target\":{\"@type\":\"EntryPoint\",\"urlTemplate\":\"https:\\\/\\\/www.polisac.com\\\/?s={search_term_string}\"},\"query-input\":{\"@type\":\"PropertyValueSpecification\",\"valueRequired\":true,\"valueName\":\"search_term_string\"}}],\"inLanguage\":\"fr-FR\"},{\"@type\":\"Organization\",\"@id\":\"https:\\\/\\\/www.polisac.com\\\/#organization\",\"name\":\"Polisac\",\"url\":\"https:\\\/\\\/www.polisac.com\\\/\",\"logo\":{\"@type\":\"ImageObject\",\"inLanguage\":\"fr-FR\",\"@id\":\"https:\\\/\\\/www.polisac.com\\\/#\\\/schema\\\/logo\\\/image\\\/\",\"url\":\"https:\\\/\\\/www.polisac.com\\\/wp-content\\\/uploads\\\/2018\\\/07\\\/cover_presentacion.jpg\",\"contentUrl\":\"https:\\\/\\\/www.polisac.com\\\/wp-content\\\/uploads\\\/2018\\\/07\\\/cover_presentacion.jpg\",\"width\":1260,\"height\":780,\"caption\":\"Polisac\"},\"image\":{\"@id\":\"https:\\\/\\\/www.polisac.com\\\/#\\\/schema\\\/logo\\\/image\\\/\"}}]}<\/script>\n<!-- \/ Yoast SEO plugin. -->","yoast_head_json":{"title":"POLITIQUE DE COOKIES - Manufacturas Polisac","robots":{"index":"index","follow":"follow","max-snippet":"max-snippet:-1","max-image-preview":"max-image-preview:large","max-video-preview":"max-video-preview:-1"},"canonical":"https:\/\/www.polisac.com\/fr\/politique-de-cookies\/","og_locale":"fr_FR","og_type":"article","og_title":"POLITIQUE DE COOKIES - Manufacturas Polisac","og_url":"https:\/\/www.polisac.com\/fr\/politique-de-cookies\/","og_site_name":"Manufacturas Polisac","twitter_card":"summary_large_image","twitter_misc":{"Dur\u00e9e de lecture estim\u00e9e":"3 minutes"},"schema":{"@context":"https:\/\/schema.org","@graph":[{"@type":"WebPage","@id":"https:\/\/www.polisac.com\/fr\/politique-de-cookies\/","url":"https:\/\/www.polisac.com\/fr\/politique-de-cookies\/","name":"POLITIQUE DE COOKIES - Manufacturas Polisac","isPartOf":{"@id":"https:\/\/www.polisac.com\/#website"},"datePublished":"2018-09-21T10:21:43+00:00","breadcrumb":{"@id":"https:\/\/www.polisac.com\/fr\/politique-de-cookies\/#breadcrumb"},"inLanguage":"fr-FR","potentialAction":[{"@type":"ReadAction","target":["https:\/\/www.polisac.com\/fr\/politique-de-cookies\/"]}]},{"@type":"BreadcrumbList","@id":"https:\/\/www.polisac.com\/fr\/politique-de-cookies\/#breadcrumb","itemListElement":[{"@type":"ListItem","position":1,"name":"Home","item":"https:\/\/www.polisac.com\/fr\/"},{"@type":"ListItem","position":2,"name":"POLITIQUE DE COOKIES"}]},{"@type":"WebSite","@id":"https:\/\/www.polisac.com\/#website","url":"https:\/\/www.polisac.com\/","name":"Manufacturas Polisac","description":"","publisher":{"@id":"https:\/\/www.polisac.com\/#organization"},"potentialAction":[{"@type":"SearchAction","target":{"@type":"EntryPoint","urlTemplate":"https:\/\/www.polisac.com\/?s={search_term_string}"},"query-input":{"@type":"PropertyValueSpecification","valueRequired":true,"valueName":"search_term_string"}}],"inLanguage":"fr-FR"},{"@type":"Organization","@id":"https:\/\/www.polisac.com\/#organization","name":"Polisac","url":"https:\/\/www.polisac.com\/","logo":{"@type":"ImageObject","inLanguage":"fr-FR","@id":"https:\/\/www.polisac.com\/#\/schema\/logo\/image\/","url":"https:\/\/www.polisac.com\/wp-content\/uploads\/2018\/07\/cover_presentacion.jpg","contentUrl":"https:\/\/www.polisac.com\/wp-content\/uploads\/2018\/07\/cover_presentacion.jpg","width":1260,"height":780,"caption":"Polisac"},"image":{"@id":"https:\/\/www.polisac.com\/#\/schema\/logo\/image\/"}}]}},"_links":{"self":[{"href":"https:\/\/www.polisac.com\/fr\/wp-json\/wp\/v2\/pages\/2880","targetHints":{"allow":["GET"]}}],"collection":[{"href":"https:\/\/www.polisac.com\/fr\/wp-json\/wp\/v2\/pages"}],"about":[{"href":"https:\/\/www.polisac.com\/fr\/wp-json\/wp\/v2\/types\/page"}],"author":[{"embeddable":true,"href":"https:\/\/www.polisac.com\/fr\/wp-json\/wp\/v2\/users\/1"}],"replies":[{"embeddable":true,"href":"https:\/\/www.polisac.com\/fr\/wp-json\/wp\/v2\/comments?post=2880"}],"version-history":[{"count":1,"href":"https:\/\/www.polisac.com\/fr\/wp-json\/wp\/v2\/pages\/2880\/revisions"}],"predecessor-version":[{"id":2881,"href":"https:\/\/www.polisac.com\/fr\/wp-json\/wp\/v2\/pages\/2880\/revisions\/2881"}],"wp:attachment":[{"href":"https:\/\/www.polisac.com\/fr\/wp-json\/wp\/v2\/media?parent=2880"}],"curies":[{"name":"wp","href":"https:\/\/api.w.org\/{rel}","templated":true}]}}